{"id":60,"date":"2015-05-01T19:53:05","date_gmt":"2015-05-01T17:53:05","guid":{"rendered":"http:\/\/voglkleid.at\/?page_id=60"},"modified":"2015-05-06T12:44:06","modified_gmt":"2015-05-06T10:44:06","slug":"voglkleid-feine-massarbeit","status":"publish","type":"page","link":"https:\/\/voglkleid.at\/","title":{"rendered":"Voglkleid &#8211; feine Ma\u00dfarbeit"},"content":{"rendered":"<h1>Sie suchen <em><strong>Ma\u00dfarbeiten<\/strong><\/em><\/h1>\n<p>Wir erf\u00fcllen Ihre W\u00fcnsche<\/p>\n<p><a href=\"https:\/\/voglkleid.at\/wp-content\/uploads\/2015\/05\/uebersicht01.jpg\"><img loading=\"lazy\" decoding=\"async\" class=\"alignnone size-full wp-image-63\" src=\"https:\/\/voglkleid.at\/wp-content\/uploads\/2015\/05\/uebersicht01.jpg\" alt=\"uebersicht01\" width=\"1041\" height=\"5669\" srcset=\"https:\/\/voglkleid.at\/wp-content\/uploads\/2015\/05\/uebersicht01.jpg 1041w, https:\/\/voglkleid.at\/wp-content\/uploads\/2015\/05\/uebersicht01-55x300.jpg 55w, https:\/\/voglkleid.at\/wp-content\/uploads\/2015\/05\/uebersicht01-188x1024.jpg 188w\" sizes=\"(max-width: 1041px) 100vw, 1041px\" \/><\/a><\/p>\n","protected":false},"excerpt":{"rendered":"<p>Sie suchen Ma\u00dfarbeiten Wir erf\u00fcllen Ihre W\u00fcnsche<\/p>\n","protected":false},"author":1,"featured_media":0,"parent":0,"menu_order":1,"comment_status":"closed","ping_status":"closed","template":"page-templates\/full-width.php","meta":{"footnotes":""},"_links":{"self":[{"href":"https:\/\/voglkleid.at\/index.php?rest_route=\/wp\/v2\/pages\/60"}],"collection":[{"href":"https:\/\/voglkleid.at\/index.php?rest_route=\/wp\/v2\/pages"}],"about":[{"href":"https:\/\/voglkleid.at\/index.php?rest_route=\/wp\/v2\/types\/page"}],"author":[{"embeddable":true,"href":"https:\/\/voglkleid.at\/index.php?rest_route=\/wp\/v2\/users\/1"}],"replies":[{"embeddable":true,"href":"https:\/\/voglkleid.at\/index.php?rest_route=%2Fwp%2Fv2%2Fcomments&post=60"}],"version-history":[{"count":4,"href":"https:\/\/voglkleid.at\/index.php?rest_route=\/wp\/v2\/pages\/60\/revisions"}],"predecessor-version":[{"id":89,"href":"https:\/\/voglkleid.at\/index.php?rest_route=\/wp\/v2\/pages\/60\/revisions\/89"}],"wp:attachment":[{"href":"https:\/\/voglkleid.at\/index.php?rest_route=%2Fwp%2Fv2%2Fmedia&parent=60"}],"curies":[{"name":"wp","href":"https:\/\/api.w.org\/{rel}","templated":true}]}}